{"id":207,"date":"2023-03-26T17:33:06","date_gmt":"2023-03-26T17:33:06","guid":{"rendered":"https:\/\/sumemperllinars.com\/?page_id=207"},"modified":"2023-04-09T21:15:39","modified_gmt":"2023-04-09T21:15:39","slug":"sostenibilitat-i-medi-ambient","status":"publish","type":"page","link":"https:\/\/sumemperllinars.cat\/?page_id=207","title":{"rendered":"Sostenibilitat i medi ambient"},"content":{"rendered":"\n<div class=\"wp-block-columns alignwide is-layout-flex wp-container-2 wp-block-columns-is-layout-flex\">\n<div class=\"wp-block-column has-text-color has-background has-link-color wp-elements-d90b20b393b12be3c73bb9801eb3f31b is-layout-flow wp-block-column-is-layout-flow\" style=\"color:#000000;background-color:#43aa6a;padding-top:2em;padding-right:2em;padding-bottom:2em;padding-left:2em\">\n<h2 class=\"wp-block-heading\" id=\"single\" style=\"font-size:40px\"><strong>Gesti\u00f3 de l\u2019aigu<\/strong>a<\/h2>\n\n\n\n<hr class=\"wp-block-separator has-text-color has-css-opacity has-background is-style-wide\" style=\"background-color:#000000;color:#000000\"\/>\n\n\n\n<h3 class=\"wp-block-heading\">Gestionar de la xarxa d\u2019aig\u00fces heretat de la gesti\u00f3 de SOREA<\/h3>\n\n\n\n<ul>\n<li>Creant un pla d\u2019acci\u00f3 a curt\/mig termini.<\/li>\n\n\n\n<li>Fer un estudi per determinar l\u2019estat de la xarxa i reduir p\u00e8rdues d\u2019aigua.<\/li>\n\n\n\n<li>Explicar a la ciutadania la situaci\u00f3 actual de la xarxa d\u2019aig\u00fces de Llinars.<\/li>\n\n\n\n<li>Definirem plans d\u2019estalvi d\u2019aigua en tots els \u00e0mbits municipals, especialment en la jardineria, parcs, fonts i equipaments p\u00fablics.<\/li>\n\n\n\n<li>Fomentarem l&#8217;\u00fas d\u2019aparells reductors de consum d\u2019aigua entre el ve\u00efnat, cisternes dobles, utilitzaci\u00f3 d\u2019aigua de pluja o aig\u00fces brutes per WC. Fent campanyes educatives.<\/li>\n\n\n\n<li>Vigil\u00e0ncia per detectar abocaments que afectin les aig\u00fces fre\u00e0tiques.<\/li>\n<\/ul>\n<\/div>\n<\/div>\n\n\n\n<div class=\"wp-block-columns alignwide is-layout-flex wp-container-4 wp-block-columns-is-layout-flex\">\n<div class=\"wp-block-column has-text-color has-background has-link-color wp-elements-1d617de2accb7d1108bfd039721e8624 is-layout-flow wp-block-column-is-layout-flow\" style=\"color:#000000;background-color:#542a5e;padding-top:2em;padding-right:2em;padding-bottom:2em;padding-left:2em\">\n<h2 class=\"wp-block-heading has-background-color has-text-color\" id=\"single\" style=\"font-size:40px\"><strong>Energies verdes i renovables<\/strong><\/h2>\n\n\n\n<hr class=\"wp-block-separator has-text-color has-background-color has-alpha-channel-opacity has-background-background-color has-background is-style-wide\"\/>\n\n\n\n<h3 class=\"wp-block-heading has-background-color has-text-color\">Volem ser eficients i evitar la contaminaci\u00f3<\/h3>\n\n\n\n<ul class=\"has-background-color has-text-color\">\n<li>Ampliarem els m2 de plaques solars en les instal\u00b7lacions municipals.<\/li>\n\n\n\n<li>Es far\u00e0 una reducci\u00f3 del IBI en els que instal\u00b7lin plaques solars.<\/li>\n\n\n\n<li>Es promouran ajuts a l\u2019autoconsum dom\u00e8stic i comercial amb un \u00e0mbit municipal.<\/li>\n\n\n\n<li>Revisarem l&#8217;adaptaci\u00f3 dels edificis municipals amb criteris sostenibles de bio-funcionalitat.<\/li>\n\n\n\n<li>Promourem el transport el\u00e8ctric i mec\u00e0nic que no sigui de combusti\u00f3<\/li>\n\n\n\n<li>En fixarem un objectiu per reduir el CO2 en el nostre municipi.<\/li>\n<\/ul>\n<\/div>\n<\/div>\n\n\n\n<div class=\"wp-block-columns alignwide is-layout-flex wp-container-6 wp-block-columns-is-layout-flex\">\n<div class=\"wp-block-column has-text-color has-background has-link-color wp-elements-0898a9ef895ff12fef51338d6164305b is-layout-flow wp-block-column-is-layout-flow\" style=\"color:#000000;background-color:#43aa6a;padding-top:2em;padding-right:2em;padding-bottom:2em;padding-left:2em\">\n<h2 class=\"wp-block-heading\" id=\"single\" style=\"font-size:40px\">Natura<\/h2>\n\n\n\n<hr class=\"wp-block-separator has-text-color has-css-opacity has-background is-style-wide\" style=\"background-color:#000000;color:#000000\"\/>\n\n\n\n<h3 class=\"wp-block-heading\">Abocadors clandestins<\/h3>\n\n\n\n<ul>\n<li>Identificarem les zones d\u2019abocaments i les senyalitzarem<\/li>\n\n\n\n<li>Establirem un sistema aleatori de vigil\u00e0ncia<\/li>\n\n\n\n<li>Farem neteja de les zones d\u2019abocadors il\u00b7legals existents<\/li>\n<\/ul>\n\n\n\n<h3 class=\"wp-block-heading\">Marcatge de rutes verdes<\/h3>\n\n\n\n<ul>\n<li>Millorarem el marcatge de les rutes verdes<\/li>\n\n\n\n<li>Establirem un protocol per mantenir-les netes i contribuir a evitar incendis.<\/li>\n\n\n\n<li>Farem accessibles la informaci\u00f3 GPS (fitxers) de les rutes.<\/li>\n<\/ul>\n\n\n\n<h3 class=\"wp-block-heading\">Acostar i facilitar l\u2019acc\u00e9s a l\u2019entorn natural<\/h3>\n\n\n\n<ul>\n<li>La natura contribueix directament en els h\u00e0bits saludables.<\/li>\n\n\n\n<li>Millorar l&#8217;accessibilitat a l\u2019entorn forestal i agrari de Llinars: Pont i passos de vianants a la zona de la Flamagas i del pol\u00edgon A7 Llinars Park.<\/li>\n<\/ul>\n\n\n\n<h3 class=\"wp-block-heading\">M\u00e8todes de prevenci\u00f3 d\u2019incendis<\/h3>\n\n\n\n<ul>\n<li>Apostar pel bestiar extensiu com a m\u00e8tode de prevenci\u00f3 d\u2019incendis, com el ramat de cabres de Sant Pere de Vilamajor.<\/li>\n\n\n\n<li>Pasturar tota la vora de pistes i manteniment de les franges de prevenci\u00f3 d\u2019incendis de les urbanitzacions.<\/li>\n<\/ul>\n\n\n\n<h3 class=\"wp-block-heading\">Zones d\u2019 horts<\/h3>\n\n\n\n<ul>\n<li>Adequaci\u00f3 dels horts dels laterals del riu Mogent i del pol\u00edgon piscines, creant una zona digna, ben parcel\u00b7lada i sense brut\u00edcia i acumulament de trastos.<\/li>\n\n\n\n<li>Implantarem horts municipals amb modalitat ecol\u00f2gica amb assessorament per la no utilitzaci\u00f3 de plaguicides ni fertilitzants qu\u00edmics.<\/li>\n<\/ul>\n\n\n\n<h3 class=\"wp-block-heading\">Zona agr\u00edcola<\/h3>\n\n\n\n<ul>\n<li>Recolzament a les zones agr\u00edcoles, per projectes productius alimentaris locals i biol\u00f2gics.<\/li>\n\n\n\n<li>Reduir els productes fitosanitaris per lluitar amb les plagues, utilitzant altres mecanismes biol\u00f2gics.<\/li>\n\n\n\n<li>Ens oposarem a la reordenaci\u00f3 de s\u00f2l agr\u00edcola per urbanitzar-lo.<\/li>\n<\/ul>\n\n\n\n<h3 class=\"wp-block-heading\">Suport a propietaris forestals<\/h3>\n\n\n\n<ul>\n<li>Oferir xerrades i fer divulgaci\u00f3 de beneficis de la gesti\u00f3 forestal sostenible, fixant CO2, disminuint el risc d\u2019incendis i afavorint la biodiversitat.<\/li>\n<\/ul>\n<\/div>\n<\/div>\n\n\n\n<div class=\"wp-block-columns alignwide is-layout-flex wp-container-8 wp-block-columns-is-layout-flex\">\n<div class=\"wp-block-column has-text-color has-background has-link-color wp-elements-3f23deecfd7136984852b7eed0a601b2 is-layout-flow wp-block-column-is-layout-flow\" style=\"color:#000000;background-color:#542a5e;padding-top:2em;padding-right:2em;padding-bottom:2em;padding-left:2em\">\n<h2 class=\"wp-block-heading has-background-color has-text-color\" id=\"single\" style=\"font-size:40px\"><strong>POUM<\/strong><\/h2>\n\n\n\n<hr class=\"wp-block-separator has-text-color has-background-color has-alpha-channel-opacity has-background-background-color has-background is-style-wide\"\/>\n\n\n\n<h3 class=\"wp-block-heading has-background-color has-text-color\">Revisar el Pla Urban\u00edstic (POUM)<\/h3>\n\n\n\n<ul class=\"has-background-color has-text-color\">\n<li>S\u2019ha d\u2019ajustar a la voluntat del poble,<\/li>\n\n\n\n<li>Volem impedir que les 66 hect\u00e0rees agr\u00edcoles es converteixin en s\u00f2l industrial.<\/li>\n\n\n\n<li>Llinars \u00e9s natura, bosc i agricultura. No podem convertir-nos en una Llinars nom\u00e9s industrial.<\/li>\n\n\n\n<li>M\u00e9s verd i menys pol\u00edgons<\/li>\n<\/ul>\n<\/div>\n<\/div>\n\n\n\n<div class=\"wp-block-columns alignwide is-layout-flex wp-container-10 wp-block-columns-is-layout-flex\">\n<div class=\"wp-block-column has-text-color has-background has-link-color wp-elements-e89f696e38a6d0a6fd923b5b7183d0a7 is-layout-flow wp-block-column-is-layout-flow\" style=\"color:#000000;background-color:#43aa6a;padding-top:2em;padding-right:2em;padding-bottom:2em;padding-left:2em\">\n<h2 class=\"wp-block-heading\" id=\"single\" style=\"font-size:40px\"><strong>Torres d\u2019alta tensi\u00f3<\/strong><\/h2>\n\n\n\n<hr class=\"wp-block-separator has-text-color has-css-opacity has-background is-style-wide\" style=\"background-color:#000000;color:#000000\"\/>\n\n\n\n<h3 class=\"wp-block-heading\">Soterrament Torres alta tensi\u00f3 de Can Boatell.<\/h3>\n\n\n\n<ul>\n<li>No es una compet\u00e8ncia de l\u2019Ajuntament, per\u00f2 es negociar\u00e0 amb els \u00f2rgans pertinents<\/li>\n\n\n\n<li>Es tindr\u00e0 especial atenci\u00f3 en les zones urbanes<\/li>\n\n\n\n<li>Per salut de les persones i per les aus.<\/li>\n<\/ul>\n<\/div>\n<\/div>\n\n\n\n<div class=\"wp-block-columns alignwide is-layout-flex wp-container-12 wp-block-columns-is-layout-flex\">\n<div class=\"wp-block-column has-text-color has-background has-link-color wp-elements-0d736682db2975ebb575361dea002c2f is-layout-flow wp-block-column-is-layout-flow\" style=\"color:#000000;background-color:#542a5e;padding-top:2em;padding-right:2em;padding-bottom:2em;padding-left:2em\">\n<h2 class=\"wp-block-heading has-background-color has-text-color\" id=\"single\" style=\"font-size:40px\"><strong>Mobilitat<\/strong><\/h2>\n\n\n\n<hr class=\"wp-block-separator has-text-color has-background-color has-alpha-channel-opacity has-background-background-color has-background is-style-wide\"\/>\n\n\n\n<h3 class=\"wp-block-heading has-background-color has-text-color\">Millorament la mobilitat<\/h3>\n\n\n\n<ul class=\"has-background-color has-text-color\">\n<li>Reduint la necessitat de l&#8217;\u00fas del cotxe privat.<\/li>\n\n\n\n<li>El criteri d&#8217;ordenaci\u00f3 urbana ser\u00e0 orientada a la mobilitat sostenible i de proximitat.<\/li>\n\n\n\n<li>Prioritzarem l\u2019espai de vianants en els carrers.<\/li>\n<\/ul>\n\n\n\n<h3 class=\"wp-block-heading has-background-color has-text-color\">Punts de c\u00e0rrega dels vehicles el\u00e8ctrics<\/h3>\n\n\n\n<ul class=\"has-background-color has-text-color\">\n<li>Instal\u00b7larem punts de c\u00e0rrega per vehicles el\u00e8ctrics en la poblaci\u00f3.<\/li>\n\n\n\n<li>En els edificis comercials nous o reconvertits, ser\u00e0 indispensable la instal\u00b7laci\u00f3 de punts de c\u00e0rrega aquests elements per sol\u00b7licitar perm\u00eds d\u2019obres.<\/li>\n<\/ul>\n\n\n\n<h3 class=\"wp-block-heading has-background-color has-text-color\">Apostem pel carril bici<\/h3>\n\n\n\n<ul class=\"has-background-color has-text-color\">\n<li>Ha d\u2019unir instal\u00b7lacions i serveis municipals (ajuntament, centres educatius, centres d\u2019oci, instal\u00b7lacions esportives, escola de music\u00e0, etc.).<\/li>\n\n\n\n<li>Punt desenvolupat en \u201cUrbanisme i territori\u201d<\/li>\n<\/ul>\n<\/div>\n<\/div>\n\n\n\n<div class=\"wp-block-group has-background is-layout-constrained wp-block-group-is-layout-constrained\" style=\"background-color:#f0f0f0;padding-top:0rem;padding-bottom:2rem\">\n<div class=\"wp-block-group is-layout-constrained wp-container-44 wp-block-group-is-layout-constrained\" style=\"margin-top:2rem;margin-bottom:2rem\">\n<div class=\"wp-block-group full-width-image is-layout-constrained wp-container-43 wp-block-group-is-layout-constrained\">\n<div class=\"wp-block-group is-content-justification-center is-layout-constrained wp-container-42 wp-block-group-is-layout-constrained\" style=\"padding-top:5px;padding-bottom:9px\">\n<div class=\"wp-block-group is-layout-constrained wp-container-13 wp-block-group-is-layout-constrained\" style=\"padding-bottom:30px\">\n<h2 class=\"wp-block-heading has-text-align-center\">El nostre programa electoral<\/h2>\n\n\n\n<p class=\"has-text-align-center has-text-color has-medium-font-size\" style=\"color:#999999\">Trobades participatives per a confeccionar el Programa Electoral<\/p>\n<\/div>\n\n\n\n<div class=\"wp-block-columns is-layout-flex wp-container-41 wp-block-columns-is-layout-flex\">\n<div class=\"wp-block-column is-layout-flow wp-block-column-is-layout-flow\">\n<div class=\"wp-block-group is-nowrap is-layout-flex wp-container-16 wp-block-group-is-layout-flex\">\n<figure class=\"wp-block-image size-full has-custom-border\"><img decoding=\"async\" loading=\"lazy\" width=\"48\" height=\"48\" src=\"https:\/\/sumemperllinars.cat\/wp-content\/uploads\/2023\/03\/icon-coffee48x48.png\" alt=\"\" class=\"wp-image-234\" style=\"border-style:none;border-width:0px;border-radius:0px\"\/><\/figure>\n\n\n\n<div class=\"wp-block-group is-content-justification-center is-layout-constrained wp-container-15 wp-block-group-is-layout-constrained\">\n<h3 class=\"wp-block-heading\">Serveis a persones<\/h3>\n\n\n\n<p class=\"has-medium-font-size\">Cultura, Esports, Salut, Ensenyament<\/p>\n\n\n\n<div class=\"wp-block-buttons is-content-justification-left is-layout-flex wp-container-14 wp-block-buttons-is-layout-flex\">\n<div class=\"wp-block-button has-custom-font-size is-style-fill has-small-font-size\"><a class=\"wp-block-button__link has-base-color has-vivid-cyan-blue-background-color has-text-color has-background wp-element-button\" href=\"https:\/\/sumemperllinars.cat\/?page_id=172\">M\u00e9s informaci\u00f3<\/a><\/div>\n<\/div>\n<\/div>\n<\/div>\n\n\n\n<div class=\"wp-block-group is-nowrap is-layout-flex wp-container-19 wp-block-group-is-layout-flex\">\n<figure class=\"wp-block-image size-full has-custom-border\"><img decoding=\"async\" loading=\"lazy\" width=\"48\" height=\"48\" src=\"https:\/\/sumemperllinars.cat\/wp-content\/uploads\/2023\/03\/icons8-group-task48x48.png\" alt=\"\" class=\"wp-image-255\" style=\"border-style:none;border-width:0px;border-radius:0px\"\/><\/figure>\n\n\n\n<div class=\"wp-block-group is-layout-constrained wp-container-18 wp-block-group-is-layout-constrained\">\n<h3 class=\"wp-block-heading\">Acci\u00f3 social i ciutadania<\/h3>\n\n\n\n<p class=\"has-medium-font-size\">Serveis socials, Integraci\u00f3, Diversitat, Cooperaci\u00f3 i solidaritat<\/p>\n\n\n\n<div class=\"wp-block-buttons is-content-justification-left is-layout-flex wp-container-17 wp-block-buttons-is-layout-flex\">\n<div class=\"wp-block-button has-custom-font-size is-style-fill has-small-font-size\"><a class=\"wp-block-button__link has-base-color has-vivid-cyan-blue-background-color has-text-color has-background wp-element-button\" href=\"https:\/\/sumemperllinars.cat\/?page_id=190\">M\u00e9s informaci\u00f3<\/a><\/div>\n<\/div>\n<\/div>\n<\/div>\n\n\n\n<div class=\"wp-block-group is-nowrap is-layout-flex wp-container-22 wp-block-group-is-layout-flex\">\n<figure class=\"wp-block-image size-full has-custom-border\"><img decoding=\"async\" loading=\"lazy\" width=\"48\" height=\"48\" src=\"https:\/\/sumemperllinars.cat\/wp-content\/uploads\/2023\/03\/icons8-basket48x48.png\" alt=\"\" class=\"wp-image-238\" style=\"border-style:none;border-width:0px;border-radius:0px\"\/><\/figure>\n\n\n\n<div class=\"wp-block-group is-layout-constrained wp-container-21 wp-block-group-is-layout-constrained\">\n<h3 class=\"wp-block-heading\">Desenvolupament econ\u00f2mic<\/h3>\n\n\n\n<p class=\"has-medium-font-size\">Economia, Ind\u00fastria i comer\u00e7, Ocupaci\u00f3<\/p>\n\n\n\n<div class=\"wp-block-buttons is-content-justification-left is-layout-flex wp-container-20 wp-block-buttons-is-layout-flex\">\n<div class=\"wp-block-button has-custom-font-size is-style-fill has-small-font-size\"><a class=\"wp-block-button__link has-base-color has-vivid-cyan-blue-background-color has-text-color has-background wp-element-button\" href=\"https:\/\/sumemperllinars.cat\/?page_id=204\">M\u00e9s informaci\u00f3<\/a><\/div>\n<\/div>\n<\/div>\n<\/div>\n<\/div>\n\n\n\n<div class=\"wp-block-column is-layout-flow wp-block-column-is-layout-flow\">\n<div class=\"wp-block-group is-nowrap is-layout-flex wp-container-26 wp-block-group-is-layout-flex\">\n<figure class=\"wp-block-image size-full has-custom-border\"><img decoding=\"async\" loading=\"lazy\" width=\"48\" height=\"48\" src=\"https:\/\/sumemperllinars.cat\/wp-content\/uploads\/2023\/03\/icons8-national-park48x48.png\" alt=\"\" class=\"wp-image-246\" style=\"border-style:none;border-width:0px;border-radius:0px\"\/><\/figure>\n\n\n\n<div class=\"wp-block-group is-layout-constrained wp-container-25 wp-block-group-is-layout-constrained\">\n<h3 class=\"wp-block-heading\">Espais p\u00fablics<\/h3>\n\n\n\n<p class=\"has-medium-font-size\">Pars i Jardins, Neteja, Espais i gossos, Piscina<\/p>\n\n\n\n<div class=\"wp-block-buttons is-content-justification-left is-layout-flex wp-container-24 wp-block-buttons-is-layout-flex\">\n<div class=\"wp-block-button is-style-fill\"><a class=\"wp-block-button__link has-base-color has-vivid-cyan-blue-background-color has-text-color has-background wp-element-button\" href=\"https:\/\/sumemperllinars.cat\/?page_id=184\">M\u00e9s informaci\u00f3<\/a><\/div>\n<\/div>\n<\/div>\n<\/div>\n\n\n\n<div class=\"wp-block-group is-nowrap is-layout-flex wp-container-29 wp-block-group-is-layout-flex\">\n<figure class=\"wp-block-image size-full has-custom-border\"><img decoding=\"async\" loading=\"lazy\" width=\"48\" height=\"48\" src=\"https:\/\/sumemperllinars.cat\/wp-content\/uploads\/2023\/03\/icons8-organization-chart-people48x48.png\" alt=\"\" class=\"wp-image-248\" style=\"border-style:none;border-width:0px;border-radius:0px\"\/><\/figure>\n\n\n\n<div class=\"wp-block-group is-layout-constrained wp-container-28 wp-block-group-is-layout-constrained\">\n<h3 class=\"wp-block-heading\">Cicles de vida<\/h3>\n\n\n\n<p class=\"has-medium-font-size\">Joventut, Gent gran, Infantesa, Fam\u00edlies<\/p>\n\n\n\n<div class=\"wp-block-buttons is-content-justification-left is-layout-flex wp-container-27 wp-block-buttons-is-layout-flex\">\n<div class=\"wp-block-button has-custom-font-size is-style-fill has-small-font-size\"><a class=\"wp-block-button__link has-base-color has-vivid-cyan-blue-background-color has-text-color has-background wp-element-button\" href=\"https:\/\/sumemperllinars.cat\/?page_id=193\">M\u00e9s informaci\u00f3<\/a><\/div>\n<\/div>\n<\/div>\n<\/div>\n\n\n\n<div class=\"wp-block-group is-nowrap is-layout-flex wp-container-32 wp-block-group-is-layout-flex\">\n<figure class=\"wp-block-image size-full has-custom-border\"><img decoding=\"async\" loading=\"lazy\" width=\"48\" height=\"48\" src=\"https:\/\/sumemperllinars.cat\/wp-content\/uploads\/2023\/03\/icons8-geography48x48.png\" alt=\"\" class=\"wp-image-240\" style=\"border-style:none;border-width:0px;border-radius:0px\"\/><\/figure>\n\n\n\n<div class=\"wp-block-group is-layout-constrained wp-container-31 wp-block-group-is-layout-constrained\">\n<h3 class=\"wp-block-heading\">Sostenibilitat i medi ambient<\/h3>\n\n\n\n<p class=\"has-medium-font-size\">Aigua, Energia, Natura, Torres alta tensi\u00f3, Mobilitat<\/p>\n\n\n\n<div class=\"wp-block-buttons is-content-justification-left is-layout-flex wp-container-30 wp-block-buttons-is-layout-flex\">\n<div class=\"wp-block-button has-custom-font-size is-style-fill has-small-font-size\"><a class=\"wp-block-button__link has-base-color has-vivid-cyan-blue-background-color has-text-color has-background wp-element-button\" href=\"https:\/\/sumemperllinars.cat\/?page_id=207\">M\u00e9s informaci\u00f3<\/a><\/div>\n<\/div>\n<\/div>\n<\/div>\n<\/div>\n\n\n\n<div class=\"wp-block-column is-layout-flow wp-block-column-is-layout-flow\">\n<div class=\"wp-block-group is-nowrap is-layout-flex wp-container-36 wp-block-group-is-layout-flex\">\n<figure class=\"wp-block-image size-full has-custom-border\"><img decoding=\"async\" loading=\"lazy\" width=\"48\" height=\"48\" src=\"https:\/\/sumemperllinars.cat\/wp-content\/uploads\/2023\/03\/icons8-home-page-48x48-1.png\" alt=\"\" class=\"wp-image-244\" style=\"border-style:none;border-width:0px;border-radius:0px\"\/><\/figure>\n\n\n\n<div class=\"wp-block-group is-layout-constrained wp-container-35 wp-block-group-is-layout-constrained\">\n<h3 class=\"wp-block-heading\">Urbanisme i territori<\/h3>\n\n\n\n<p class=\"has-medium-font-size\">Infraestructures i comunicacions, Urbanitzacions<\/p>\n\n\n\n<div class=\"wp-block-buttons is-content-justification-left is-layout-flex wp-container-34 wp-block-buttons-is-layout-flex\">\n<div class=\"wp-block-button has-custom-font-size is-style-fill has-small-font-size\"><a class=\"wp-block-button__link has-base-color has-vivid-cyan-blue-background-color has-text-color has-background wp-element-button\" href=\"https:\/\/sumemperllinars.cat\/?page_id=187\">M\u00e9s informaci\u00f3<\/a><\/div>\n<\/div>\n<\/div>\n<\/div>\n\n\n\n<div class=\"wp-block-group is-nowrap is-layout-flex wp-container-39 wp-block-group-is-layout-flex\">\n<figure class=\"wp-block-image size-full has-custom-border\"><img decoding=\"async\" loading=\"lazy\" width=\"48\" height=\"48\" src=\"https:\/\/sumemperllinars.cat\/wp-content\/uploads\/2023\/03\/icon-file-alt48x48.png\" alt=\"\" class=\"wp-image-236\" style=\"border-style:none;border-width:0px;border-radius:0px\"\/><\/figure>\n\n\n\n<div class=\"wp-block-group is-layout-constrained wp-container-38 wp-block-group-is-layout-constrained\">\n<h3 class=\"wp-block-heading\">Comunicaci\u00f3 i participaci\u00f3<\/h3>\n\n\n\n<p class=\"has-medium-font-size\">Comunicaci\u00f3 i participaci\u00f3<\/p>\n\n\n\n<div class=\"wp-block-buttons is-content-justification-left is-layout-flex wp-container-37 wp-block-buttons-is-layout-flex\">\n<div class=\"wp-block-button has-custom-font-size is-style-fill has-small-font-size\"><a class=\"wp-block-button__link has-base-color has-vivid-cyan-blue-background-color has-text-color has-background wp-element-button\" href=\"https:\/\/sumemperllinars.cat\/?page_id=196\">M\u00e9s informaci\u00f3<\/a><\/div>\n<\/div>\n<\/div>\n<\/div>\n<\/div>\n<\/div>\n<\/div>\n<\/div>\n<\/div>\n<\/div>\n","protected":false},"excerpt":{"rendered":"<p>Gesti\u00f3 de l\u2019aigua Gestionar de la xarxa d\u2019aig\u00fces heretat de la gesti\u00f3 de SOREA Energies verdes i renovables Volem ser eficients i evitar la contaminaci\u00f3 Natura Abocadors clandestins Marcatge de rutes verdes Acostar i facilitar l\u2019acc\u00e9s a l\u2019entorn natural M\u00e8todes de prevenci\u00f3 d\u2019incendis Zones d\u2019 horts Zona agr\u00edcola Suport a [&hellip;]<\/p>\n","protected":false},"author":1,"featured_media":0,"parent":0,"menu_order":0,"comment_status":"closed","ping_status":"closed","template":"","meta":[],"_links":{"self":[{"href":"https:\/\/sumemperllinars.cat\/index.php?rest_route=\/wp\/v2\/pages\/207"}],"collection":[{"href":"https:\/\/sumemperllinars.cat\/index.php?rest_route=\/wp\/v2\/pages"}],"about":[{"href":"https:\/\/sumemperllinars.cat\/index.php?rest_route=\/wp\/v2\/types\/page"}],"author":[{"embeddable":true,"href":"https:\/\/sumemperllinars.cat\/index.php?rest_route=\/wp\/v2\/users\/1"}],"replies":[{"embeddable":true,"href":"https:\/\/sumemperllinars.cat\/index.php?rest_route=%2Fwp%2Fv2%2Fcomments&post=207"}],"version-history":[{"count":5,"href":"https:\/\/sumemperllinars.cat\/index.php?rest_route=\/wp\/v2\/pages\/207\/revisions"}],"predecessor-version":[{"id":474,"href":"https:\/\/sumemperllinars.cat\/index.php?rest_route=\/wp\/v2\/pages\/207\/revisions\/474"}],"wp:attachment":[{"href":"https:\/\/sumemperllinars.cat\/index.php?rest_route=%2Fwp%2Fv2%2Fmedia&parent=207"}],"curies":[{"name":"wp","href":"https:\/\/api.w.org\/{rel}","templated":true}]}}