{"id":204,"date":"2023-03-26T17:31:54","date_gmt":"2023-03-26T17:31:54","guid":{"rendered":"https:\/\/sumemperllinars.com\/?page_id=204"},"modified":"2023-04-09T21:24:05","modified_gmt":"2023-04-09T21:24:05","slug":"desenvolupament-economic","status":"publish","type":"page","link":"https:\/\/sumemperllinars.cat\/?page_id=204","title":{"rendered":"Desenvolupament econ\u00f2mic"},"content":{"rendered":"\n<div class=\"wp-block-columns alignwide is-layout-flex wp-container-2 wp-block-columns-is-layout-flex\">\n<div class=\"wp-block-column has-text-color has-background has-link-color wp-elements-cf605a72afa099f5584f1d0af94ee219 is-layout-flow wp-block-column-is-layout-flow\" style=\"color:#000000;background-color:#43aa6a;padding-top:2em;padding-right:2em;padding-bottom:2em;padding-left:2em\">\n<h2 class=\"wp-block-heading\" id=\"single\" style=\"font-size:40px\"><strong>Economia<\/strong><\/h2>\n\n\n\n<hr class=\"wp-block-separator has-text-color has-css-opacity has-background is-style-wide\" style=\"background-color:#000000;color:#000000\"\/>\n\n\n\n<h3 class=\"wp-block-heading\">Transformar el model econ\u00f2mic actual<\/h3>\n\n\n\n<ul>\n<li>Mantenir i cuidar el teixit industrial actual<\/li>\n\n\n\n<li>Potenciar el petit comer\u00e7, microempreses, PYMES i aut\u00f2noms.<\/li>\n\n\n\n<li>Donar vida al centre<\/li>\n\n\n\n<li>Potenciar que les empreses establertes a Llinars optin per consumir en el comer\u00e7 local<\/li>\n<\/ul>\n\n\n\n<h3 class=\"wp-block-heading\">Llinarscom a reclam(saber-nos vendre)<\/h3>\n\n\n\n<ul>\n<li>Potenciarem la creaci\u00f3 de rutes marcades per l\u2019entorn natural (Btt i caminades) amb opcions gastron\u00f2miques (cases turisme rural, restaurants, etc.)<\/li>\n\n\n\n<li>Obrir al castell a visites de cap de setmana amb exposicions fixes (poblat ib\u00e8ric, oficis antics, exposicions d\u2019art, etc.)<\/li>\n\n\n\n<li>Fires o actes locals (Fira Torrons, Fira gastron\u00f2mica, etc.) complementar-les amb activitats distribu\u00efdes en el poble.<\/li>\n\n\n\n<li>Noves activitats econ\u00f2miques com la fira dels bolets.<\/li>\n<\/ul>\n\n\n\n<h3 class=\"wp-block-heading\">Promourem ajudes en els impostos a les empreses<\/h3>\n\n\n\n<ul>\n<li>Instal\u00b7laci\u00f3 de panells fotovoltaics al sostres de les naus industrials del municipi.<\/li>\n\n\n\n<li>Canvi a sistemes energ\u00e8tics m\u00e9s eficients<\/li>\n<\/ul>\n\n\n\n<h3 class=\"wp-block-heading\">Sistema d\u2019avaluaci\u00f3 dels serveis contractats o municipals<\/h3>\n\n\n\n<ul>\n<li>Aplicarem indicadors o sistemes d\u2019avaluaci\u00f3 en totes les activitats contractades com a mitja de control i efic\u00e0cia.<\/li>\n\n\n\n<li>Participaci\u00f3 ciutadana per valorar l\u2019efectivitat del serveis<\/li>\n\n\n\n<li>Si una activitat no compleix amb els objectius i\/o no funciona, ens la q\u00fcestionarem per poder-la millorar o substituir.<\/li>\n<\/ul>\n<\/div>\n<\/div>\n\n\n\n<div class=\"wp-block-columns alignwide is-layout-flex wp-container-4 wp-block-columns-is-layout-flex\">\n<div class=\"wp-block-column has-text-color has-background has-link-color wp-elements-6482fbad6710f449e88c0e1a907ea193 is-layout-flow wp-block-column-is-layout-flow\" style=\"color:#000000;background-color:#542a5e;padding-top:2em;padding-right:2em;padding-bottom:2em;padding-left:2em\">\n<h2 class=\"wp-block-heading has-background-color has-text-color\" id=\"single\" style=\"font-size:40px\"><strong>Ind\u00fastria i comer\u00e7<\/strong><\/h2>\n\n\n\n<hr class=\"wp-block-separator has-text-color has-background-color has-alpha-channel-opacity has-background-background-color has-background is-style-wide\"\/>\n\n\n\n<h3 class=\"wp-block-heading has-background-color has-text-color\">Protegirem el comer\u00e7 local amb noves iniciatives<\/h3>\n\n\n\n<ul class=\"has-background-color has-text-color\">\n<li>Complementarem les activitats comercials i l\u00fadiques que es centren al Castell amb activitats repartides pel poble perqu\u00e8 els visitants recorrin el poble i puguin fer \u00fas dels diferents serveis i comer\u00e7os que t\u00e9 Llinars.<\/li>\n\n\n\n<li>Els caps de setmana s\u2019han de tancar els carrers centrals i animar-los amb m\u00fasica d\u2019ambient i permetre que els bars posin les taules als carrers.<\/li>\n\n\n\n<li>Potenciarem i defensarem el comer\u00e7 urb\u00e0 de proximitat per afavorir la vitalitat de Llinars.<\/li>\n\n\n\n<li>Les activitats comercials, jornades i fires municipals, s\u2019han de continuar organitzant conjuntament amb tots els comerciants del municipi per genera accions comunes.<\/li>\n\n\n\n<li>Volem impulsar un pla d\u2019usos dels locals per evitar que els locals actuals, es converteixin en habitacles.<\/li>\n<\/ul>\n\n\n\n<h3 class=\"wp-block-heading has-background-color has-text-color\">Donarem a con\u00e8ixer amb suport expl\u00edcit,<\/h3>\n\n\n\n<ul class=\"has-background-color has-text-color\">\n<li>Iniciatives de desenvolupament de productes de temporada i KM. 0 (slow food).<\/li>\n\n\n\n<li>Campanyes especials dels comer\u00e7os actuals<\/li>\n\n\n\n<li>Noves iniciatives de comer\u00e7<\/li>\n<\/ul>\n<\/div>\n<\/div>\n\n\n\n<div class=\"wp-block-columns alignwide is-layout-flex wp-container-6 wp-block-columns-is-layout-flex\">\n<div class=\"wp-block-column has-text-color has-background has-link-color wp-elements-0dd3c0d4aa4357293669e83bd0d848db is-layout-flow wp-block-column-is-layout-flow\" style=\"color:#000000;background-color:#43aa6a;padding-top:2em;padding-right:2em;padding-bottom:2em;padding-left:2em\">\n<h2 class=\"wp-block-heading\" id=\"single\" style=\"font-size:40px\">Ocupaci\u00f3<\/h2>\n\n\n\n<hr class=\"wp-block-separator has-text-color has-css-opacity has-background is-style-wide\" style=\"background-color:#000000;color:#000000\"\/>\n\n\n\n<h3 class=\"wp-block-heading\">Oferta laboral<\/h3>\n\n\n\n<ul>\n<li>M\u00e9s integrativa, no quedar-nos en els pol\u00edgons.<\/li>\n\n\n\n<li>Potenciar els comer\u00e7os locals<\/li>\n\n\n\n<li>Crear noves activitats relacionades amb els nostres recursos.<\/li>\n\n\n\n<li>Crear una pol\u00edtica per subvencionar la contractaci\u00f3 de gent jove local .<\/li>\n\n\n\n<li>Farem la contractaci\u00f3 directa per part de l\u2019Ajuntament de treballadores\/es, per la realitzaci\u00f3 de les compet\u00e8ncies municipals.<\/li>\n<\/ul>\n\n\n\n<h3 class=\"wp-block-heading\">Empreses subcontractades i serveis externalitats<\/h3>\n\n\n\n<ul>\n<li>Vetllarem per les condicions laborals dels treballadors de les empreses subcontractades i serveis externalitats.<\/li>\n\n\n\n<li>Cuidarem la formaci\u00f3 i inserci\u00f3 social de les persones discapacitades, especialment dels col\u00b7lectius amb risc d&#8217;exclusi\u00f3 social i dif\u00edcil integraci\u00f3 en el mercat laboral (joves, dones, majors de 45 anys, &#8230;).<\/li>\n<\/ul>\n\n\n\n<h3 class=\"wp-block-heading\">Major proximitat per poder oferir millor acc\u00e9s al mercat laboral<\/h3>\n\n\n\n<ul>\n<li>Tindrem cura per con\u00e8ixer les compet\u00e8ncies de les persones aturades amb objectiu de millorar la seva ocupabilitat i procurar un encaix amb les necessitats de les empreses.<\/li>\n\n\n\n<li>Detectarem el nombre de fam\u00edlies de Llinars, que es troben per sota del llindar de la pobresa, per objecte de una atenci\u00f3 priorit\u00e0ria per la seva inserci\u00f3 sociolaboral.<\/li>\n\n\n\n<li>Estarem atents dels canvis legislatius de la transici\u00f3 ecol\u00f2gica, per oferir r\u00e0pidament als nostres ciutadans la informaci\u00f3 i les necessitats laborals, i que puguin optar formar-se o optar a la seva ocupaci\u00f3.<\/li>\n<\/ul>\n\n\n\n<h3 class=\"wp-block-heading\">Promourem el voluntariat per fer tutories a persones recercadores de treball.<\/h3>\n\n\n\n<ul>\n<li>Entre persones s\u00e8niors<\/li>\n\n\n\n<li>Persones jubilades amb bagatge professional<\/li>\n<\/ul>\n\n\n\n<h3 class=\"wp-block-heading\">Implementarem l\u2019\u00fas de cl\u00e0usules socials al nostre municipi, per la contractaci\u00f3 p\u00fablica i privada<\/h3>\n\n\n\n<ul>\n<li>Igualtat Accessibilitat<\/li>\n\n\n\n<li>Seguretat i Salut laboral<\/li>\n\n\n\n<li>Estabilitat laboral<\/li>\n\n\n\n<li>Formaci\u00f3 en el lloc de treball, Conciliaci\u00f3 laboral, Protecci\u00f3 del medi ambient<\/li>\n\n\n\n<li>Respecte al drets humans.<\/li>\n\n\n\n<li>Canvis legislatius de la transici\u00f3 ecol\u00f2gica<\/li>\n<\/ul>\n\n\n\n<h3 class=\"wp-block-heading\">Espais de treball per particulars, aut\u00f2noms i empreses<\/h3>\n\n\n\n<ul>\n<li>El teletreball \u00e9s una realitat<\/li>\n\n\n\n<li>Disposarem d\u2019un equip t\u00e8cnic per vetllar que Llinars estigui preparat per garantir les necessitats de les noves din\u00e0miques de treball.<\/li>\n\n\n\n<li>Oferirem espais equipats t\u00e8cnica i tecnol\u00f2gicament per poder fer teletreball, reunions de treball, videoconfer\u00e8ncies o entrevistes de feina remotes.<\/li>\n<\/ul>\n<\/div>\n<\/div>\n\n\n\n<div class=\"wp-block-group has-background is-layout-constrained wp-block-group-is-layout-constrained\" style=\"background-color:#f0f0f0;padding-top:0rem;padding-bottom:2rem\">\n<div class=\"wp-block-group is-layout-constrained wp-container-38 wp-block-group-is-layout-constrained\" style=\"margin-top:2rem;margin-bottom:2rem\">\n<div class=\"wp-block-group full-width-image is-layout-constrained wp-container-37 wp-block-group-is-layout-constrained\">\n<div class=\"wp-block-group is-content-justification-center is-layout-constrained wp-container-36 wp-block-group-is-layout-constrained\" style=\"padding-top:5px;padding-bottom:9px\">\n<div class=\"wp-block-group is-layout-constrained wp-container-7 wp-block-group-is-layout-constrained\" style=\"padding-bottom:30px\">\n<h2 class=\"wp-block-heading has-text-align-center\">El nostre programa electoral<\/h2>\n\n\n\n<p class=\"has-text-align-center has-text-color has-medium-font-size\" style=\"color:#999999\">Trobades participatives per a confeccionar el Programa Electoral<\/p>\n<\/div>\n\n\n\n<div class=\"wp-block-columns is-layout-flex wp-container-35 wp-block-columns-is-layout-flex\">\n<div class=\"wp-block-column is-layout-flow wp-block-column-is-layout-flow\">\n<div class=\"wp-block-group is-nowrap is-layout-flex wp-container-10 wp-block-group-is-layout-flex\">\n<figure class=\"wp-block-image size-full has-custom-border\"><img decoding=\"async\" loading=\"lazy\" width=\"48\" height=\"48\" src=\"https:\/\/sumemperllinars.cat\/wp-content\/uploads\/2023\/03\/icon-coffee48x48.png\" alt=\"\" class=\"wp-image-234\" style=\"border-style:none;border-width:0px;border-radius:0px\"\/><\/figure>\n\n\n\n<div class=\"wp-block-group is-content-justification-center is-layout-constrained wp-container-9 wp-block-group-is-layout-constrained\">\n<h3 class=\"wp-block-heading\">Serveis a persones<\/h3>\n\n\n\n<p class=\"has-medium-font-size\">Cultura, Esports, Salut, Ensenyament<\/p>\n\n\n\n<div class=\"wp-block-buttons is-content-justification-left is-layout-flex wp-container-8 wp-block-buttons-is-layout-flex\">\n<div class=\"wp-block-button has-custom-font-size is-style-fill has-small-font-size\"><a class=\"wp-block-button__link has-base-color has-vivid-cyan-blue-background-color has-text-color has-background wp-element-button\" href=\"https:\/\/sumemperllinars.cat\/?page_id=172\">M\u00e9s informaci\u00f3<\/a><\/div>\n<\/div>\n<\/div>\n<\/div>\n\n\n\n<div class=\"wp-block-group is-nowrap is-layout-flex wp-container-13 wp-block-group-is-layout-flex\">\n<figure class=\"wp-block-image size-full has-custom-border\"><img decoding=\"async\" loading=\"lazy\" width=\"48\" height=\"48\" src=\"https:\/\/sumemperllinars.cat\/wp-content\/uploads\/2023\/03\/icons8-group-task48x48.png\" alt=\"\" class=\"wp-image-255\" style=\"border-style:none;border-width:0px;border-radius:0px\"\/><\/figure>\n\n\n\n<div class=\"wp-block-group is-layout-constrained wp-container-12 wp-block-group-is-layout-constrained\">\n<h3 class=\"wp-block-heading\">Acci\u00f3 social i ciutadania<\/h3>\n\n\n\n<p class=\"has-medium-font-size\">Serveis socials, Integraci\u00f3, Diversitat, Cooperaci\u00f3 i solidaritat<\/p>\n\n\n\n<div class=\"wp-block-buttons is-content-justification-left is-layout-flex wp-container-11 wp-block-buttons-is-layout-flex\">\n<div class=\"wp-block-button has-custom-font-size is-style-fill has-small-font-size\"><a class=\"wp-block-button__link has-base-color has-vivid-cyan-blue-background-color has-text-color has-background wp-element-button\" href=\"https:\/\/sumemperllinars.cat\/?page_id=190\">M\u00e9s informaci\u00f3<\/a><\/div>\n<\/div>\n<\/div>\n<\/div>\n\n\n\n<div class=\"wp-block-group is-nowrap is-layout-flex wp-container-16 wp-block-group-is-layout-flex\">\n<figure class=\"wp-block-image size-full has-custom-border\"><img decoding=\"async\" loading=\"lazy\" width=\"48\" height=\"48\" src=\"https:\/\/sumemperllinars.cat\/wp-content\/uploads\/2023\/03\/icons8-basket48x48.png\" alt=\"\" class=\"wp-image-238\" style=\"border-style:none;border-width:0px;border-radius:0px\"\/><\/figure>\n\n\n\n<div class=\"wp-block-group is-layout-constrained wp-container-15 wp-block-group-is-layout-constrained\">\n<h3 class=\"wp-block-heading\">Desenvolupament econ\u00f2mic<\/h3>\n\n\n\n<p class=\"has-medium-font-size\">Economia, Ind\u00fastria i comer\u00e7, Ocupaci\u00f3<\/p>\n\n\n\n<div class=\"wp-block-buttons is-content-justification-left is-layout-flex wp-container-14 wp-block-buttons-is-layout-flex\">\n<div class=\"wp-block-button has-custom-font-size is-style-fill has-small-font-size\"><a class=\"wp-block-button__link has-base-color has-vivid-cyan-blue-background-color has-text-color has-background wp-element-button\" href=\"https:\/\/sumemperllinars.cat\/?page_id=204\">M\u00e9s informaci\u00f3<\/a><\/div>\n<\/div>\n<\/div>\n<\/div>\n<\/div>\n\n\n\n<div class=\"wp-block-column is-layout-flow wp-block-column-is-layout-flow\">\n<div class=\"wp-block-group is-nowrap is-layout-flex wp-container-20 wp-block-group-is-layout-flex\">\n<figure class=\"wp-block-image size-full has-custom-border\"><img decoding=\"async\" loading=\"lazy\" width=\"48\" height=\"48\" src=\"https:\/\/sumemperllinars.cat\/wp-content\/uploads\/2023\/03\/icons8-national-park48x48.png\" alt=\"\" class=\"wp-image-246\" style=\"border-style:none;border-width:0px;border-radius:0px\"\/><\/figure>\n\n\n\n<div class=\"wp-block-group is-layout-constrained wp-container-19 wp-block-group-is-layout-constrained\">\n<h3 class=\"wp-block-heading\">Espais p\u00fablics<\/h3>\n\n\n\n<p class=\"has-medium-font-size\">Pars i Jardins, Neteja, Espais i gossos, Piscina<\/p>\n\n\n\n<div class=\"wp-block-buttons is-content-justification-left is-layout-flex wp-container-18 wp-block-buttons-is-layout-flex\">\n<div class=\"wp-block-button is-style-fill\"><a class=\"wp-block-button__link has-base-color has-vivid-cyan-blue-background-color has-text-color has-background wp-element-button\" href=\"https:\/\/sumemperllinars.cat\/?page_id=184\">M\u00e9s informaci\u00f3<\/a><\/div>\n<\/div>\n<\/div>\n<\/div>\n\n\n\n<div class=\"wp-block-group is-nowrap is-layout-flex wp-container-23 wp-block-group-is-layout-flex\">\n<figure class=\"wp-block-image size-full has-custom-border\"><img decoding=\"async\" loading=\"lazy\" width=\"48\" height=\"48\" src=\"https:\/\/sumemperllinars.cat\/wp-content\/uploads\/2023\/03\/icons8-organization-chart-people48x48.png\" alt=\"\" class=\"wp-image-248\" style=\"border-style:none;border-width:0px;border-radius:0px\"\/><\/figure>\n\n\n\n<div class=\"wp-block-group is-layout-constrained wp-container-22 wp-block-group-is-layout-constrained\">\n<h3 class=\"wp-block-heading\">Cicles de vida<\/h3>\n\n\n\n<p class=\"has-medium-font-size\">Joventut, Gent gran, Infantesa, Fam\u00edlies<\/p>\n\n\n\n<div class=\"wp-block-buttons is-content-justification-left is-layout-flex wp-container-21 wp-block-buttons-is-layout-flex\">\n<div class=\"wp-block-button has-custom-font-size is-style-fill has-small-font-size\"><a class=\"wp-block-button__link has-base-color has-vivid-cyan-blue-background-color has-text-color has-background wp-element-button\" href=\"https:\/\/sumemperllinars.cat\/?page_id=193\">M\u00e9s informaci\u00f3<\/a><\/div>\n<\/div>\n<\/div>\n<\/div>\n\n\n\n<div class=\"wp-block-group is-nowrap is-layout-flex wp-container-26 wp-block-group-is-layout-flex\">\n<figure class=\"wp-block-image size-full has-custom-border\"><img decoding=\"async\" loading=\"lazy\" width=\"48\" height=\"48\" src=\"https:\/\/sumemperllinars.cat\/wp-content\/uploads\/2023\/03\/icons8-geography48x48.png\" alt=\"\" class=\"wp-image-240\" style=\"border-style:none;border-width:0px;border-radius:0px\"\/><\/figure>\n\n\n\n<div class=\"wp-block-group is-layout-constrained wp-container-25 wp-block-group-is-layout-constrained\">\n<h3 class=\"wp-block-heading\">Sostenibilitat i medi ambient<\/h3>\n\n\n\n<p class=\"has-medium-font-size\">Aigua, Energia, Natura, Torres alta tensi\u00f3, Mobilitat<\/p>\n\n\n\n<div class=\"wp-block-buttons is-content-justification-left is-layout-flex wp-container-24 wp-block-buttons-is-layout-flex\">\n<div class=\"wp-block-button has-custom-font-size is-style-fill has-small-font-size\"><a class=\"wp-block-button__link has-base-color has-vivid-cyan-blue-background-color has-text-color has-background wp-element-button\" href=\"https:\/\/sumemperllinars.cat\/?page_id=207\">M\u00e9s informaci\u00f3<\/a><\/div>\n<\/div>\n<\/div>\n<\/div>\n<\/div>\n\n\n\n<div class=\"wp-block-column is-layout-flow wp-block-column-is-layout-flow\">\n<div class=\"wp-block-group is-nowrap is-layout-flex wp-container-30 wp-block-group-is-layout-flex\">\n<figure class=\"wp-block-image size-full has-custom-border\"><img decoding=\"async\" loading=\"lazy\" width=\"48\" height=\"48\" src=\"https:\/\/sumemperllinars.cat\/wp-content\/uploads\/2023\/03\/icons8-home-page-48x48-1.png\" alt=\"\" class=\"wp-image-244\" style=\"border-style:none;border-width:0px;border-radius:0px\"\/><\/figure>\n\n\n\n<div class=\"wp-block-group is-layout-constrained wp-container-29 wp-block-group-is-layout-constrained\">\n<h3 class=\"wp-block-heading\">Urbanisme i territori<\/h3>\n\n\n\n<p class=\"has-medium-font-size\">Infraestructures i comunicacions, Urbanitzacions<\/p>\n\n\n\n<div class=\"wp-block-buttons is-content-justification-left is-layout-flex wp-container-28 wp-block-buttons-is-layout-flex\">\n<div class=\"wp-block-button has-custom-font-size is-style-fill has-small-font-size\"><a class=\"wp-block-button__link has-base-color has-vivid-cyan-blue-background-color has-text-color has-background wp-element-button\" href=\"https:\/\/sumemperllinars.cat\/?page_id=187\">M\u00e9s informaci\u00f3<\/a><\/div>\n<\/div>\n<\/div>\n<\/div>\n\n\n\n<div class=\"wp-block-group is-nowrap is-layout-flex wp-container-33 wp-block-group-is-layout-flex\">\n<figure class=\"wp-block-image size-full has-custom-border\"><img decoding=\"async\" loading=\"lazy\" width=\"48\" height=\"48\" src=\"https:\/\/sumemperllinars.cat\/wp-content\/uploads\/2023\/03\/icon-file-alt48x48.png\" alt=\"\" class=\"wp-image-236\" style=\"border-style:none;border-width:0px;border-radius:0px\"\/><\/figure>\n\n\n\n<div class=\"wp-block-group is-layout-constrained wp-container-32 wp-block-group-is-layout-constrained\">\n<h3 class=\"wp-block-heading\">Comunicaci\u00f3 i participaci\u00f3<\/h3>\n\n\n\n<p class=\"has-medium-font-size\">Comunicaci\u00f3 i participaci\u00f3<\/p>\n\n\n\n<div class=\"wp-block-buttons is-content-justification-left is-layout-flex wp-container-31 wp-block-buttons-is-layout-flex\">\n<div class=\"wp-block-button has-custom-font-size is-style-fill has-small-font-size\"><a class=\"wp-block-button__link has-base-color has-vivid-cyan-blue-background-color has-text-color has-background wp-element-button\" href=\"https:\/\/sumemperllinars.cat\/?page_id=196\">M\u00e9s informaci\u00f3<\/a><\/div>\n<\/div>\n<\/div>\n<\/div>\n<\/div>\n<\/div>\n<\/div>\n<\/div>\n<\/div>\n<\/div>\n","protected":false},"excerpt":{"rendered":"<p>Economia Transformar el model econ\u00f2mic actual Llinarscom a reclam(saber-nos vendre) Promourem ajudes en els impostos a les empreses Sistema d\u2019avaluaci\u00f3 dels serveis contractats o municipals Ind\u00fastria i comer\u00e7 Protegirem el comer\u00e7 local amb noves iniciatives Donarem a con\u00e8ixer amb suport expl\u00edcit, Ocupaci\u00f3 Oferta laboral Empreses subcontractades i serveis externalitats Major [&hellip;]<\/p>\n","protected":false},"author":1,"featured_media":0,"parent":0,"menu_order":0,"comment_status":"closed","ping_status":"closed","template":"","meta":[],"_links":{"self":[{"href":"https:\/\/sumemperllinars.cat\/index.php?rest_route=\/wp\/v2\/pages\/204"}],"collection":[{"href":"https:\/\/sumemperllinars.cat\/index.php?rest_route=\/wp\/v2\/pages"}],"about":[{"href":"https:\/\/sumemperllinars.cat\/index.php?rest_route=\/wp\/v2\/types\/page"}],"author":[{"embeddable":true,"href":"https:\/\/sumemperllinars.cat\/index.php?rest_route=\/wp\/v2\/users\/1"}],"replies":[{"embeddable":true,"href":"https:\/\/sumemperllinars.cat\/index.php?rest_route=%2Fwp%2Fv2%2Fcomments&post=204"}],"version-history":[{"count":9,"href":"https:\/\/sumemperllinars.cat\/index.php?rest_route=\/wp\/v2\/pages\/204\/revisions"}],"predecessor-version":[{"id":477,"href":"https:\/\/sumemperllinars.cat\/index.php?rest_route=\/wp\/v2\/pages\/204\/revisions\/477"}],"wp:attachment":[{"href":"https:\/\/sumemperllinars.cat\/index.php?rest_route=%2Fwp%2Fv2%2Fmedia&parent=204"}],"curies":[{"name":"wp","href":"https:\/\/api.w.org\/{rel}","templated":true}]}}